{"id":1217,"date":"2026-03-09T03:51:27","date_gmt":"2026-03-09T03:51:27","guid":{"rendered":"https:\/\/mediumturquoise-chough-468149.hostingersite.com\/?page_id=1217"},"modified":"2026-03-09T04:01:17","modified_gmt":"2026-03-09T04:01:17","slug":"dicas","status":"publish","type":"page","link":"https:\/\/labkiyan.com.br\/?page_id=1217","title":{"rendered":"Dicas"},"content":{"rendered":"\t\t<div data-elementor-type=\"wp-page\" data-elementor-id=\"1217\" class=\"elementor elementor-1217\" data-elementor-post-type=\"page\">\n\t\t\t\t<div class=\"elementor-element elementor-element-3392438 e-flex e-con-boxed e-con e-parent\" data-id=\"3392438\" data-element_type=\"container\" data-e-type=\"container\" data-settings=\"{&quot;background_background&quot;:&quot;gradient&quot;}\">\n\t\t\t\t\t<div class=\"e-con-inner\">\n\t\t\t\t<div class=\"elementor-element elementor-element-886bdbf elementor-widget elementor-widget-heading\" data-id=\"886bdbf\" data-element_type=\"widget\" data-e-type=\"widget\" data-widget_type=\"heading.default\">\n\t\t\t\t\t<h2 class=\"elementor-heading-title elementor-size-default\">Dicas<\/h2>\t\t\t\t<\/div>\n\t\t\t\t\t<\/div>\n\t\t\t\t<\/div>\n\t\t<div class=\"elementor-element elementor-element-b2ffd23 e-flex e-con-boxed e-con e-parent\" data-id=\"b2ffd23\" data-element_type=\"container\" data-e-type=\"container\">\n\t\t\t\t\t<div class=\"e-con-inner\">\n\t\t\t\t<div class=\"elementor-element elementor-element-f32c67e elementor-grid-3 elementor-grid-tablet-2 elementor-grid-mobile-1 elementor-posts--thumbnail-top elementor-widget elementor-widget-posts\" data-id=\"f32c67e\" data-element_type=\"widget\" data-e-type=\"widget\" data-settings=\"{&quot;classic_columns&quot;:&quot;3&quot;,&quot;classic_columns_tablet&quot;:&quot;2&quot;,&quot;classic_columns_mobile&quot;:&quot;1&quot;,&quot;classic_row_gap&quot;:{&quot;unit&quot;:&quot;px&quot;,&quot;size&quot;:35,&quot;sizes&quot;:[]},&quot;classic_row_gap_tablet&quot;:{&quot;unit&quot;:&quot;px&quot;,&quot;size&quot;:&quot;&quot;,&quot;sizes&quot;:[]},&quot;classic_row_gap_mobile&quot;:{&quot;unit&quot;:&quot;px&quot;,&quot;size&quot;:&quot;&quot;,&quot;sizes&quot;:[]}}\" data-widget_type=\"posts.classic\">\n\t\t\t\t<div class=\"elementor-widget-container\">\n\t\t\t\t\t\t\t<div class=\"elementor-posts-container elementor-posts elementor-posts--skin-classic elementor-grid\" role=\"list\">\n\t\t\t\t<article class=\"elementor-post elementor-grid-item post-926 post type-post status-publish format-standard has-post-thumbnail hentry category-noticias\" role=\"listitem\">\n\t\t\t\t<div class=\"elementor-post__text\">\n\t\t\t\t<h3 class=\"elementor-post__title\">\n\t\t\t<a href=\"https:\/\/labkiyan.com.br\/?p=926\" >\n\t\t\t\tLabso apresenta: Cad\/Cam\t\t\t<\/a>\n\t\t<\/h3>\n\t\t\t\t<div class=\"elementor-post__meta-data\">\n\t\t\t\t\t<span class=\"elementor-post-date\">\n\t\t\tjulho 23, 2018\t\t<\/span>\n\t\t\t\t<span class=\"elementor-post-avatar\">\n\t\t\tNenhum coment\u00e1rio\t\t<\/span>\n\t\t\t\t<\/div>\n\t\t\t\t<div class=\"elementor-post__excerpt\">\n\t\t\t<p>\u00a0<\/p>\n\t\t<\/div>\n\t\t\n\t\t<a class=\"elementor-post__read-more\" href=\"https:\/\/labkiyan.com.br\/?p=926\" aria-label=\"Read more about Labso apresenta: Cad\/Cam\" tabindex=\"-1\" >\n\t\t\tLeia mais \u00bb\t\t<\/a>\n\n\t\t\t\t<\/div>\n\t\t\t\t<\/article>\n\t\t\t\t<article class=\"elementor-post elementor-grid-item post-882 post type-post status-publish format-standard hentry category-noticias\" role=\"listitem\">\n\t\t\t\t<div class=\"elementor-post__text\">\n\t\t\t\t<h3 class=\"elementor-post__title\">\n\t\t\t<a href=\"https:\/\/labkiyan.com.br\/?p=882\" >\n\t\t\t\tA\u00e7\u00e3o  Social  &#8211; Palestra Higiene Bucal\t\t\t<\/a>\n\t\t<\/h3>\n\t\t\t\t<div class=\"elementor-post__meta-data\">\n\t\t\t\t\t<span class=\"elementor-post-date\">\n\t\t\tnovembro 24, 2014\t\t<\/span>\n\t\t\t\t<span class=\"elementor-post-avatar\">\n\t\t\tNenhum coment\u00e1rio\t\t<\/span>\n\t\t\t\t<\/div>\n\t\t\t\t<div class=\"elementor-post__excerpt\">\n\t\t\t<p>Preocupado com a situa\u00e7\u00e3o das crian\u00e7as e adolescentes que vivem em situa\u00e7\u00e3o de vulnerabilidade, o LabSO se mobilizou para oferecer ao Projeto Transforma\u00e7\u00e3o Nova Cana\u00e3<\/p>\n\t\t<\/div>\n\t\t\n\t\t<a class=\"elementor-post__read-more\" href=\"https:\/\/labkiyan.com.br\/?p=882\" aria-label=\"Read more about A\u00e7\u00e3o  Social  &#8211; Palestra Higiene Bucal\" tabindex=\"-1\" >\n\t\t\tLeia mais \u00bb\t\t<\/a>\n\n\t\t\t\t<\/div>\n\t\t\t\t<\/article>\n\t\t\t\t<article class=\"elementor-post elementor-grid-item post-776 post type-post status-publish format-standard hentry category-noticias\" role=\"listitem\">\n\t\t\t\t<div class=\"elementor-post__text\">\n\t\t\t\t<h3 class=\"elementor-post__title\">\n\t\t\t<a href=\"https:\/\/labkiyan.com.br\/?p=776\" >\n\t\t\t\tConfira a tabela com a avalia\u00e7\u00e3o da palestra do Prof. Dr.Carlos Francci\t\t\t<\/a>\n\t\t<\/h3>\n\t\t\t\t<div class=\"elementor-post__meta-data\">\n\t\t\t\t\t<span class=\"elementor-post-date\">\n\t\t\tsetembro 11, 2014\t\t<\/span>\n\t\t\t\t<span class=\"elementor-post-avatar\">\n\t\t\tNenhum coment\u00e1rio\t\t<\/span>\n\t\t\t\t<\/div>\n\t\t\t\t<div class=\"elementor-post__excerpt\">\n\t\t\t\t\t<\/div>\n\t\t\n\t\t<a class=\"elementor-post__read-more\" href=\"https:\/\/labkiyan.com.br\/?p=776\" aria-label=\"Read more about Confira a tabela com a avalia\u00e7\u00e3o da palestra do Prof. Dr.Carlos Francci\" tabindex=\"-1\" >\n\t\t\tLeia mais \u00bb\t\t<\/a>\n\n\t\t\t\t<\/div>\n\t\t\t\t<\/article>\n\t\t\t\t<\/div>\n\t\t\n\t\t\t\t\t\t<\/div>\n\t\t\t\t<\/div>\n\t\t\t\t\t<\/div>\n\t\t\t\t<\/div>\n\t\t\t\t<\/div>\n\t\t","protected":false},"excerpt":{"rendered":"<p>Dicas<\/p>\n","protected":false},"author":1,"featured_media":0,"parent":0,"menu_order":0,"comment_status":"closed","ping_status":"closed","template":"elementor_header_footer","meta":{"_acf_changed":false,"footnotes":""},"class_list":["post-1217","page","type-page","status-publish","hentry"],"acf":[],"yoast_head":"<!-- This site is optimized with the Yoast SEO plugin v27.2 - https:\/\/yoast.com\/product\/yoast-seo-wordpress\/ -->\n<title>Dicas - Osmar Kiyan<\/title>\n<meta name=\"robots\" content=\"index, follow, max-snippet:-1, max-image-preview:large, max-video-preview:-1\" \/>\n<link rel=\"canonical\" href=\"https:\/\/labkiyan.com.br\/?page_id=1217\" \/>\n<meta property=\"og:locale\" content=\"pt_BR\" \/>\n<meta property=\"og:type\" content=\"article\" \/>\n<meta property=\"og:title\" content=\"Dicas - Osmar Kiyan\" \/>\n<meta property=\"og:description\" content=\"Dicas\" \/>\n<meta property=\"og:url\" content=\"https:\/\/labkiyan.com.br\/?page_id=1217\" \/>\n<meta property=\"og:site_name\" content=\"Osmar Kiyan\" \/>\n<meta property=\"article:publisher\" content=\"https:\/\/www.facebook.com\/labsiroeosmar\/\" \/>\n<meta property=\"article:modified_time\" content=\"2026-03-09T04:01:17+00:00\" \/>\n<meta name=\"twitter:card\" content=\"summary_large_image\" \/>\n<script type=\"application\/ld+json\" class=\"yoast-schema-graph\">{\"@context\":\"https:\/\/schema.org\",\"@graph\":[{\"@type\":\"WebPage\",\"@id\":\"https:\/\/labkiyan.com.br\/?page_id=1217\",\"url\":\"https:\/\/labkiyan.com.br\/?page_id=1217\",\"name\":\"Dicas - Osmar Kiyan\",\"isPartOf\":{\"@id\":\"https:\/\/labkiyan.com.br\/#website\"},\"datePublished\":\"2026-03-09T03:51:27+00:00\",\"dateModified\":\"2026-03-09T04:01:17+00:00\",\"breadcrumb\":{\"@id\":\"https:\/\/labkiyan.com.br\/?page_id=1217#breadcrumb\"},\"inLanguage\":\"pt-BR\",\"potentialAction\":[{\"@type\":\"ReadAction\",\"target\":[\"https:\/\/labkiyan.com.br\/?page_id=1217\"]}]},{\"@type\":\"BreadcrumbList\",\"@id\":\"https:\/\/labkiyan.com.br\/?page_id=1217#breadcrumb\",\"itemListElement\":[{\"@type\":\"ListItem\",\"position\":1,\"name\":\"In\u00edcio\",\"item\":\"https:\/\/labkiyan.com.br\/\"},{\"@type\":\"ListItem\",\"position\":2,\"name\":\"Dicas\"}]},{\"@type\":\"WebSite\",\"@id\":\"https:\/\/labkiyan.com.br\/#website\",\"url\":\"https:\/\/labkiyan.com.br\/\",\"name\":\"Osmar Kiyan Pr\u00f3tese Odontol\u00f3gica Digital\",\"description\":\"\",\"publisher\":{\"@id\":\"https:\/\/labkiyan.com.br\/#organization\"},\"potentialAction\":[{\"@type\":\"SearchAction\",\"target\":{\"@type\":\"EntryPoint\",\"urlTemplate\":\"https:\/\/labkiyan.com.br\/?s={search_term_string}\"},\"query-input\":{\"@type\":\"PropertyValueSpecification\",\"valueRequired\":true,\"valueName\":\"search_term_string\"}}],\"inLanguage\":\"pt-BR\"},{\"@type\":\"Organization\",\"@id\":\"https:\/\/labkiyan.com.br\/#organization\",\"name\":\"Osmar Kiyan Pr\u00f3tese Odontol\u00f3gica Digital\",\"url\":\"https:\/\/labkiyan.com.br\/\",\"logo\":{\"@type\":\"ImageObject\",\"inLanguage\":\"pt-BR\",\"@id\":\"https:\/\/labkiyan.com.br\/#\/schema\/logo\/image\/\",\"url\":\"https:\/\/labkiyan.com.br\/wp-content\/uploads\/2026\/01\/logo-kiyan-final-05-12-e1770598164767.png\",\"contentUrl\":\"https:\/\/labkiyan.com.br\/wp-content\/uploads\/2026\/01\/logo-kiyan-final-05-12-e1770598164767.png\",\"width\":1037,\"height\":1070,\"caption\":\"Osmar Kiyan Pr\u00f3tese Odontol\u00f3gica Digital\"},\"image\":{\"@id\":\"https:\/\/labkiyan.com.br\/#\/schema\/logo\/image\/\"},\"sameAs\":[\"https:\/\/www.facebook.com\/labsiroeosmar\/\",\"https:\/\/www.instagram.com\/labosmarkiyan\/\"]}]}<\/script>\n<!-- \/ Yoast SEO plugin. -->","yoast_head_json":{"title":"Dicas - Osmar Kiyan","robots":{"index":"index","follow":"follow","max-snippet":"max-snippet:-1","max-image-preview":"max-image-preview:large","max-video-preview":"max-video-preview:-1"},"canonical":"https:\/\/labkiyan.com.br\/?page_id=1217","og_locale":"pt_BR","og_type":"article","og_title":"Dicas - Osmar Kiyan","og_description":"Dicas","og_url":"https:\/\/labkiyan.com.br\/?page_id=1217","og_site_name":"Osmar Kiyan","article_publisher":"https:\/\/www.facebook.com\/labsiroeosmar\/","article_modified_time":"2026-03-09T04:01:17+00:00","twitter_card":"summary_large_image","schema":{"@context":"https:\/\/schema.org","@graph":[{"@type":"WebPage","@id":"https:\/\/labkiyan.com.br\/?page_id=1217","url":"https:\/\/labkiyan.com.br\/?page_id=1217","name":"Dicas - Osmar Kiyan","isPartOf":{"@id":"https:\/\/labkiyan.com.br\/#website"},"datePublished":"2026-03-09T03:51:27+00:00","dateModified":"2026-03-09T04:01:17+00:00","breadcrumb":{"@id":"https:\/\/labkiyan.com.br\/?page_id=1217#breadcrumb"},"inLanguage":"pt-BR","potentialAction":[{"@type":"ReadAction","target":["https:\/\/labkiyan.com.br\/?page_id=1217"]}]},{"@type":"BreadcrumbList","@id":"https:\/\/labkiyan.com.br\/?page_id=1217#breadcrumb","itemListElement":[{"@type":"ListItem","position":1,"name":"In\u00edcio","item":"https:\/\/labkiyan.com.br\/"},{"@type":"ListItem","position":2,"name":"Dicas"}]},{"@type":"WebSite","@id":"https:\/\/labkiyan.com.br\/#website","url":"https:\/\/labkiyan.com.br\/","name":"Osmar Kiyan Pr\u00f3tese Odontol\u00f3gica Digital","description":"","publisher":{"@id":"https:\/\/labkiyan.com.br\/#organization"},"potentialAction":[{"@type":"SearchAction","target":{"@type":"EntryPoint","urlTemplate":"https:\/\/labkiyan.com.br\/?s={search_term_string}"},"query-input":{"@type":"PropertyValueSpecification","valueRequired":true,"valueName":"search_term_string"}}],"inLanguage":"pt-BR"},{"@type":"Organization","@id":"https:\/\/labkiyan.com.br\/#organization","name":"Osmar Kiyan Pr\u00f3tese Odontol\u00f3gica Digital","url":"https:\/\/labkiyan.com.br\/","logo":{"@type":"ImageObject","inLanguage":"pt-BR","@id":"https:\/\/labkiyan.com.br\/#\/schema\/logo\/image\/","url":"https:\/\/labkiyan.com.br\/wp-content\/uploads\/2026\/01\/logo-kiyan-final-05-12-e1770598164767.png","contentUrl":"https:\/\/labkiyan.com.br\/wp-content\/uploads\/2026\/01\/logo-kiyan-final-05-12-e1770598164767.png","width":1037,"height":1070,"caption":"Osmar Kiyan Pr\u00f3tese Odontol\u00f3gica Digital"},"image":{"@id":"https:\/\/labkiyan.com.br\/#\/schema\/logo\/image\/"},"sameAs":["https:\/\/www.facebook.com\/labsiroeosmar\/","https:\/\/www.instagram.com\/labosmarkiyan\/"]}]}},"_hostinger_reach_plugin_has_subscription_block":false,"_hostinger_reach_plugin_is_elementor":false,"_links":{"self":[{"href":"https:\/\/labkiyan.com.br\/index.php?rest_route=\/wp\/v2\/pages\/1217","targetHints":{"allow":["GET"]}}],"collection":[{"href":"https:\/\/labkiyan.com.br\/index.php?rest_route=\/wp\/v2\/pages"}],"about":[{"href":"https:\/\/labkiyan.com.br\/index.php?rest_route=\/wp\/v2\/types\/page"}],"author":[{"embeddable":true,"href":"https:\/\/labkiyan.com.br\/index.php?rest_route=\/wp\/v2\/users\/1"}],"replies":[{"embeddable":true,"href":"https:\/\/labkiyan.com.br\/index.php?rest_route=%2Fwp%2Fv2%2Fcomments&post=1217"}],"version-history":[{"count":19,"href":"https:\/\/labkiyan.com.br\/index.php?rest_route=\/wp\/v2\/pages\/1217\/revisions"}],"predecessor-version":[{"id":1246,"href":"https:\/\/labkiyan.com.br\/index.php?rest_route=\/wp\/v2\/pages\/1217\/revisions\/1246"}],"wp:attachment":[{"href":"https:\/\/labkiyan.com.br\/index.php?rest_route=%2Fwp%2Fv2%2Fmedia&parent=1217"}],"curies":[{"name":"wp","href":"https:\/\/api.w.org\/{rel}","templated":true}]}}